{"id":13,"date":"2021-10-20T16:57:14","date_gmt":"2021-10-20T14:57:14","guid":{"rendered":"http:\/\/bienfaitsdesoi-sophro-canivet.fr\/?page_id=13"},"modified":"2022-02-02T12:00:06","modified_gmt":"2022-02-02T11:00:06","slug":"a-propos-de","status":"publish","type":"page","link":"https:\/\/bienfaitsdesoi-sophro-canivet.fr\/?page_id=13","title":{"rendered":"TOUT SUR LA SOPHROLOGIE :"},"content":{"rendered":"\n<p><strong>La sophrologie permet d\u2019am\u00e9liorer<\/strong> <strong>sa sant\u00e9 et son \u00e9quilibre. Elle<\/strong> <strong>permet d\u2019amener plus d\u2019harmonie dans sa vie, dans ses relations et conduit donc \u00e0 une meilleure r\u00e9alisation de soi. Par exemple, elle aide \u00e0 :<\/strong><\/p>\n\n\n\n<p><strong>&nbsp;&nbsp;&nbsp;&nbsp; &#8211; mieux g\u00e9rer <\/strong><strong>son stress <\/strong><strong>(examen, comp\u00e9tition) et savoir <\/strong><strong>se d\u00e9tendre <\/strong><strong>en toutes circonstances ;<\/strong><\/p>\n\n\n\n<p><strong>&nbsp;&nbsp;&nbsp;&nbsp; &#8211; surmonter <\/strong><strong>les souffrances <\/strong><strong>(s\u00e9paration, maladie, ..);<\/strong><\/p>\n\n\n\n<p><strong>&nbsp;&nbsp;&nbsp;&nbsp; &#8211; gagner en <\/strong><strong>confiance en soi <\/strong><strong>et \u00e0 r\u00e9duire son anxi\u00e9t\u00e9;<\/strong><\/p>\n\n\n\n<p><strong>&nbsp;&nbsp;&nbsp;&nbsp; &#8211; am\u00e9liorer <\/strong><strong>ses capacit\u00e9s <\/strong><strong>(concentration, conscience, discernement, cr\u00e9ativit\u00e9 \u2026);<\/strong><\/p>\n\n\n\n<p><strong>&nbsp;&nbsp;&nbsp;&nbsp; &#8211; d\u00e9velopper sa <\/strong><strong>vitalit\u00e9 <\/strong><strong>et son potentiel \u00e9nerg\u00e9tique;<\/strong><\/p>\n\n\n\n<p><strong>&nbsp;&nbsp;&nbsp;&nbsp; &#8211; prendre conscience de ses r\u00e9elles <\/strong><strong>ressources<\/strong><strong> (mentales et physiologiques);<\/strong><\/p>\n\n\n\n<p><strong>&nbsp;&nbsp;&nbsp;&nbsp; &#8211; apprivoiser ses \u00e9motions&nbsp; et d\u00e9velopper son authenticit\u00e9, son pouvoir de d\u00e9cision, son sentiment de libert\u00e9 et de responsabilit\u00e9 .<\/strong><\/p>\n\n\n\n<div class=\"wp-block-image\"><figure class=\"aligncenter size-large\"><img loading=\"lazy\" width=\"327\" height=\"252\" src=\"https:\/\/bienfaitsdesoi-sophro-canivet.fr\/wp-content\/uploads\/2021\/10\/JOIE-SERENITE-SOI.png\" alt=\"\" class=\"wp-image-212\" srcset=\"https:\/\/bienfaitsdesoi-sophro-canivet.fr\/wp-content\/uploads\/2021\/10\/JOIE-SERENITE-SOI.png 327w, https:\/\/bienfaitsdesoi-sophro-canivet.fr\/wp-content\/uploads\/2021\/10\/JOIE-SERENITE-SOI-300x231.png 300w\" sizes=\"(max-width: 327px) 100vw, 327px\" \/><\/figure><\/div>\n\n\n\n<p> <\/p>\n\n\n\n<p><font _mstmutation=\"1\" _msthash=\"1068523\" _msttexthash=\"6279\"><strong>E<\/strong><\/font><font _mstmutation=\"1\" _msthash=\"1068524\" _msttexthash=\"7098\"><strong>N<\/strong><\/font><font _mstmutation=\"1\" _msthash=\"1068525\" _msttexthash=\"7462\"><strong> <\/strong><\/font><font _mstmutation=\"1\" _msthash=\"1068526\" _msttexthash=\"7462\"><strong>R<\/strong><\/font><font _mstmutation=\"1\" _msthash=\"1068527\" _msttexthash=\"6279\"><strong>E<\/strong><\/font><font _mstmutation=\"1\" _msthash=\"1068528\" _msttexthash=\"7553\"><strong>S<\/strong><\/font><font _mstmutation=\"1\" _msthash=\"1068529\" _msttexthash=\"7735\"><strong>U<\/strong><\/font><font _mstmutation=\"1\" _msthash=\"1068530\" _msttexthash=\"7007\"><strong>M<\/strong><\/font><font _mstmutation=\"1\" _msthash=\"1068531\" _msttexthash=\"6279\"><strong>E<\/strong><\/font><font _mstmutation=\"1\" _msthash=\"1068532\" _msttexthash=\"5278\"><strong> <\/strong><\/font>:<font _mstmutation=\"1\" _msthash=\"1068522\"><\/p>\n\n\n\n<figure class=\"wp-block-image size-large\"><img loading=\"lazy\" width=\"1024\" height=\"597\" src=\"https:\/\/bienfaitsdesoi-sophro-canivet.fr\/wp-content\/uploads\/2022\/02\/RESUME-SOI-HC-1024x597.png\" alt=\"\" class=\"wp-image-379\" srcset=\"https:\/\/bienfaitsdesoi-sophro-canivet.fr\/wp-content\/uploads\/2022\/02\/RESUME-SOI-HC-1024x597.png 1024w, https:\/\/bienfaitsdesoi-sophro-canivet.fr\/wp-content\/uploads\/2022\/02\/RESUME-SOI-HC-300x175.png 300w, https:\/\/bienfaitsdesoi-sophro-canivet.fr\/wp-content\/uploads\/2022\/02\/RESUME-SOI-HC-768x448.png 768w, https:\/\/bienfaitsdesoi-sophro-canivet.fr\/wp-content\/uploads\/2022\/02\/RESUME-SOI-HC-1536x895.png 1536w, https:\/\/bienfaitsdesoi-sophro-canivet.fr\/wp-content\/uploads\/2022\/02\/RESUME-SOI-HC-515x300.png 515w, https:\/\/bienfaitsdesoi-sophro-canivet.fr\/wp-content\/uploads\/2022\/02\/RESUME-SOI-HC-512x300.png 512w, https:\/\/bienfaitsdesoi-sophro-canivet.fr\/wp-content\/uploads\/2022\/02\/RESUME-SOI-HC.png 1951w\" sizes=\"(max-width: 1024px) 100vw, 1024px\" \/><figcaption><font _mstmutation=\"1\" _msthash=\"709358\"><\/figcaption><\/figure>\n\n\n\n<p> <\/p>\n\n\n\n<p><strong _msthash=\"1061606\" _msttexthash=\"11404120\">DES EXERCICES PRATIQUES CONDUISANT VERS LA PLEINE CONSCIENCE, LE BIEN-ETRE ET L\u2019HARMONIE &#8230;<\/strong><font _mstmutation=\"1\" _msthash=\"963118\"><\/p>\n\n\n\n<p><strong>La sophrologie nous donne, gr\u00e2ce aux exercices pratiqu\u00e9s, l\u2019occasion de <\/strong><strong>nous r\u00e9approprier notre corps<\/strong><strong>, de d\u00e9velopper <\/strong><strong>notre facult\u00e9 de sentir <\/strong><strong>ce qui \u00e9mane de lui et de notre environnement. Cela procure \u00e0 chacun le plaisir<\/strong><strong> d\u2019ETRE et de vivre au PRESENT <\/strong><strong>et la sensation d\u2019\u00eatre connect\u00e9 \u00e0 toutes ses REALITES .<\/strong><\/p>\n\n\n\n<p><strong>Les techniques utilis\u00e9es sont :&nbsp;<\/strong><\/p>\n\n\n\n<p><strong>&nbsp;&nbsp;&nbsp;&nbsp; &#8211; <\/strong><strong>la respiration <\/strong><strong>en pleine conscience (\u00e9coute bienveillante et active);<\/strong><\/p>\n\n\n\n<p><strong>&nbsp;&nbsp;&nbsp;&nbsp; &#8211; l\u2019ancrage (intention de profiter d\u2019un <\/strong><strong>socle solide <\/strong><strong>et fondateur) ;<\/strong><\/p>\n\n\n\n<p><strong>&nbsp;&nbsp;&nbsp;&nbsp; &#8211; <\/strong><strong>la visualisation <\/strong><strong>(situations pass\u00e9es ou souhait\u00e9es pour l\u2019avenir par la force de l\u2019imagination) ;<\/strong><\/p>\n\n\n\n<p><strong>&nbsp;&nbsp;&nbsp;&nbsp; &#8211; <\/strong><strong>la relaxation <\/strong><strong>statique (postures, m\u00e9ditations, \u2026.) ou dynamique (mouvements permettant de contacter nos dimensions corporelle et \u00e9nerg\u00e9tique) ;<\/strong><\/p>\n\n\n\n<p><strong>&nbsp;&nbsp;&nbsp;&nbsp; &#8211; <\/strong><strong>les auto massages <\/strong><strong>qui nous offrent, en plus, le loisir de d\u00e9livrer \u00e0 notre corps tout message qui pourrait lui \u00eatre utile);<\/strong><\/p>\n\n\n\n<p><strong>&nbsp;&nbsp;&nbsp;&nbsp; &#8211; l\u2019\u00e9coute corporelle (et sensorielle) qui permet de d\u00e9velopper notre capacit\u00e9 \u00e0 lib\u00e9rer le mental au b\u00e9n\u00e9fice de ce qui EST VRAIMENT \u2026. De ce qui EXISTE REELLEMENT\u2026 &nbsp;<\/strong><\/p>\n\n\n\n<p> <\/p>\n\n\n\n<p><font _mstmutation=\"1\" _msthash=\"1109368\"><strong _msthash=\"1065480\" _msttexthash=\"112582587\">LIENS AVEC LA MEDECINE : Les accompagnements de Sophrologie ici d\u00e9taill\u00e9s ne remplacent pas, bien s\u00fbr, avis et traitements m\u00e9dicaux, notamment en cas de maladie biologique (en particulier dans les cas aussi o\u00f9 le recours \u00e0 une sp\u00e9cialit\u00e9 de m\u00e9decine serait n\u00e9cessaire), mais viennent en compl\u00e9ment pour soulager la personne et insuffler au sein d\u2019elle-m\u00eame, paix, s\u00e9r\u00e9nit\u00e9 et confiance. <\/strong> <\/font><\/p>\n\n\n\n<p> <\/p>\n\n\n\n<p><font _mstmutation=\"1\" _msthash=\"1020773\"><\/p>\n\n\n\n<p><font _mstmutation=\"1\" _msthash=\"1041429\" _msttexthash=\"4265495\"><strong _istranslated=\"1\"> <\/strong><\/font><font _mstmutation=\"1\" _msthash=\"1007401\" _msttexthash=\"30018170\"><font _mstmutation=\"1\" _msthash=\"1007398\" _msttexthash=\"9224787\" _istranslated=\"1\"><strong _mstmutation=\"1\" _istranslated=\"1\" _msthash=\"2392429\" _msttexthash=\"2258295\">FINANCEMENT \u2013 MUTUELLES<\/strong> <strong _mstmutation=\"1\" _istranslated=\"1\">:<\/strong><strong> Certaines mutuelles prennent en charge le remboursement de s\u00e9ances de Sophrologie.<\/strong><\/font><\/font><font _mstmutation=\"1\" _msthash=\"1079456\"><\/p>\n\n\n\n<div class=\"wp-block-buttons alignfull\">\n<div class=\"wp-block-button\"><a class=\"wp-block-button__link\" href=\"https:\/\/www.chambre-syndicale-sophrologie.fr\/mutuelle-sophrologie-sophrologue\/\" target=\"_blank\" rel=\"noreferrer noopener\">ICI LA LISTE DES MUTUELLES &#8230;<font _mstmutation=\"1\" _msthash=\"1296711\"><\/a><\/div>\n<\/div>\n\n\n\n<p><font _mstmutation=\"1\" _msthash=\"1021982\"><\/p>\n\n\n\n<p><\/p>\n\n\n\n<p><strong>EVOCATIONS DE SOPHROLOGIE EN VIDEO<\/strong> :<\/p>\n\n\n\n<iframe loading=\"lazy\" width=\"560\" height=\"315\" src=\"https:\/\/www.youtube.com\/embed\/1V-SmpsQiU0\" title=\"YouTube video player\" frameborder=\"0\" allow=\"accelerometer; autoplay; clipboard-write; encrypted-media; gyroscope; picture-in-picture\" allowfullscreen=\"\"><\/iframe>\n\n\n\n<p><\/p>\n\n\n\n<p><\/p>\n\n\n\n<p><strong>TEMOIGNAGES DE FIN DE SEANCES&nbsp;:<\/strong><\/p>\n\n\n\n<figure class=\"wp-block-image size-large\"><img loading=\"lazy\" width=\"1024\" height=\"709\" src=\"https:\/\/bienfaitsdesoi-sophro-canivet.fr\/wp-content\/uploads\/2022\/01\/SEANCE-6-SOI-B-ET-M-1024x709.png\" alt=\"\" class=\"wp-image-369\" srcset=\"https:\/\/bienfaitsdesoi-sophro-canivet.fr\/wp-content\/uploads\/2022\/01\/SEANCE-6-SOI-B-ET-M-1024x709.png 1024w, https:\/\/bienfaitsdesoi-sophro-canivet.fr\/wp-content\/uploads\/2022\/01\/SEANCE-6-SOI-B-ET-M-300x208.png 300w, https:\/\/bienfaitsdesoi-sophro-canivet.fr\/wp-content\/uploads\/2022\/01\/SEANCE-6-SOI-B-ET-M-768x532.png 768w, https:\/\/bienfaitsdesoi-sophro-canivet.fr\/wp-content\/uploads\/2022\/01\/SEANCE-6-SOI-B-ET-M-433x300.png 433w, https:\/\/bienfaitsdesoi-sophro-canivet.fr\/wp-content\/uploads\/2022\/01\/SEANCE-6-SOI-B-ET-M.png 1427w\" sizes=\"(max-width: 1024px) 100vw, 1024px\" \/><\/figure>\n\n\n\n<figure class=\"wp-block-image size-large\"><img loading=\"lazy\" width=\"1024\" height=\"698\" src=\"https:\/\/bienfaitsdesoi-sophro-canivet.fr\/wp-content\/uploads\/2022\/02\/RETOURS-EXP-DOMI-1-1-1024x698.png\" alt=\"\" class=\"wp-image-392\" srcset=\"https:\/\/bienfaitsdesoi-sophro-canivet.fr\/wp-content\/uploads\/2022\/02\/RETOURS-EXP-DOMI-1-1-1024x698.png 1024w, https:\/\/bienfaitsdesoi-sophro-canivet.fr\/wp-content\/uploads\/2022\/02\/RETOURS-EXP-DOMI-1-1-300x204.png 300w, https:\/\/bienfaitsdesoi-sophro-canivet.fr\/wp-content\/uploads\/2022\/02\/RETOURS-EXP-DOMI-1-1-768x523.png 768w, https:\/\/bienfaitsdesoi-sophro-canivet.fr\/wp-content\/uploads\/2022\/02\/RETOURS-EXP-DOMI-1-1-440x300.png 440w, https:\/\/bienfaitsdesoi-sophro-canivet.fr\/wp-content\/uploads\/2022\/02\/RETOURS-EXP-DOMI-1-1.png 1189w\" sizes=\"(max-width: 1024px) 100vw, 1024px\" \/><figcaption><font _mstmutation=\"1\" _msthash=\"703937\"><\/figcaption><\/figure>\n\n\n\n<figure class=\"wp-block-image size-large\"><img loading=\"lazy\" width=\"1024\" height=\"715\" src=\"https:\/\/bienfaitsdesoi-sophro-canivet.fr\/wp-content\/uploads\/2022\/02\/RETOURS-EXP-JEAN-1-1-1024x715.png\" alt=\"\" class=\"wp-image-393\" srcset=\"https:\/\/bienfaitsdesoi-sophro-canivet.fr\/wp-content\/uploads\/2022\/02\/RETOURS-EXP-JEAN-1-1-1024x715.png 1024w, https:\/\/bienfaitsdesoi-sophro-canivet.fr\/wp-content\/uploads\/2022\/02\/RETOURS-EXP-JEAN-1-1-300x209.png 300w, https:\/\/bienfaitsdesoi-sophro-canivet.fr\/wp-content\/uploads\/2022\/02\/RETOURS-EXP-JEAN-1-1-768x536.png 768w, https:\/\/bienfaitsdesoi-sophro-canivet.fr\/wp-content\/uploads\/2022\/02\/RETOURS-EXP-JEAN-1-1-430x300.png 430w, https:\/\/bienfaitsdesoi-sophro-canivet.fr\/wp-content\/uploads\/2022\/02\/RETOURS-EXP-JEAN-1-1.png 1140w\" sizes=\"(max-width: 1024px) 100vw, 1024px\" \/><figcaption><font _mstmutation=\"1\" _msthash=\"730080\"><\/figcaption><\/figure>\n\n\n\n<figure class=\"wp-block-image size-large\"><img loading=\"lazy\" width=\"1024\" height=\"691\" src=\"https:\/\/bienfaitsdesoi-sophro-canivet.fr\/wp-content\/uploads\/2022\/02\/RETOURS-EXP-DOMI-9-1-1024x691.png\" alt=\"\" class=\"wp-image-394\" srcset=\"https:\/\/bienfaitsdesoi-sophro-canivet.fr\/wp-content\/uploads\/2022\/02\/RETOURS-EXP-DOMI-9-1-1024x691.png 1024w, https:\/\/bienfaitsdesoi-sophro-canivet.fr\/wp-content\/uploads\/2022\/02\/RETOURS-EXP-DOMI-9-1-300x203.png 300w, https:\/\/bienfaitsdesoi-sophro-canivet.fr\/wp-content\/uploads\/2022\/02\/RETOURS-EXP-DOMI-9-1-768x519.png 768w, https:\/\/bienfaitsdesoi-sophro-canivet.fr\/wp-content\/uploads\/2022\/02\/RETOURS-EXP-DOMI-9-1-444x300.png 444w, https:\/\/bienfaitsdesoi-sophro-canivet.fr\/wp-content\/uploads\/2022\/02\/RETOURS-EXP-DOMI-9-1.png 1370w\" sizes=\"(max-width: 1024px) 100vw, 1024px\" \/><figcaption><font _mstmutation=\"1\" _msthash=\"698269\"><\/figcaption><\/figure>\n\n\n\n<p><font _mstmutation=\"1\" _msthash=\"1072438\"><\/p>\n","protected":false},"excerpt":{"rendered":"<p>La sophrologie permet d\u2019am\u00e9liorer sa sant\u00e9 et son \u00e9quilibre. Elle permet d\u2019amener plus d\u2019harmonie dans sa vie, dans ses relations et conduit donc \u00e0 une &hellip;<\/p>\n","protected":false},"author":1,"featured_media":0,"parent":0,"menu_order":0,"comment_status":"closed","ping_status":"closed","template":"","meta":[],"_links":{"self":[{"href":"https:\/\/bienfaitsdesoi-sophro-canivet.fr\/index.php?rest_route=\/wp\/v2\/pages\/13"}],"collection":[{"href":"https:\/\/bienfaitsdesoi-sophro-canivet.fr\/index.php?rest_route=\/wp\/v2\/pages"}],"about":[{"href":"https:\/\/bienfaitsdesoi-sophro-canivet.fr\/index.php?rest_route=\/wp\/v2\/types\/page"}],"author":[{"embeddable":true,"href":"https:\/\/bienfaitsdesoi-sophro-canivet.fr\/index.php?rest_route=\/wp\/v2\/users\/1"}],"replies":[{"embeddable":true,"href":"https:\/\/bienfaitsdesoi-sophro-canivet.fr\/index.php?rest_route=%2Fwp%2Fv2%2Fcomments&post=13"}],"version-history":[{"count":14,"href":"https:\/\/bienfaitsdesoi-sophro-canivet.fr\/index.php?rest_route=\/wp\/v2\/pages\/13\/revisions"}],"predecessor-version":[{"id":395,"href":"https:\/\/bienfaitsdesoi-sophro-canivet.fr\/index.php?rest_route=\/wp\/v2\/pages\/13\/revisions\/395"}],"wp:attachment":[{"href":"https:\/\/bienfaitsdesoi-sophro-canivet.fr\/index.php?rest_route=%2Fwp%2Fv2%2Fmedia&parent=13"}],"curies":[{"name":"wp","href":"https:\/\/api.w.org\/{rel}","templated":true}]}}