{"id":14,"date":"2021-10-20T16:57:14","date_gmt":"2021-10-20T14:57:14","guid":{"rendered":"http:\/\/bienfaitsdesoi-sophro-canivet.fr\/?page_id=14"},"modified":"2022-02-27T23:21:48","modified_gmt":"2022-02-27T22:21:48","slug":"contact","status":"publish","type":"page","link":"https:\/\/bienfaitsdesoi-sophro-canivet.fr\/?page_id=14","title":{"rendered":"CADRES ET CONDITIONS DES SEANCES :"},"content":{"rendered":"\n<p><strong><u>Le cabinet&nbsp;et ses horaires d\u2019ouverture<\/u> :<\/strong><\/p>\n\n\n\n<p>A Cuincy, c\u2019est dans un espace d\u00e9di\u00e9, calme, discret et confortable qu\u2019est install\u00e9 mon cabinet.<\/p>\n\n\n\n<figure class=\"wp-block-image alignfull size-large\"><img loading=\"lazy\" width=\"1024\" height=\"292\" src=\"https:\/\/bienfaitsdesoi-sophro-canivet.fr\/wp-content\/uploads\/2021\/10\/ENTREE-CAB-SOI-SAI-1024x292.png\" alt=\"\" class=\"wp-image-157\" srcset=\"https:\/\/bienfaitsdesoi-sophro-canivet.fr\/wp-content\/uploads\/2021\/10\/ENTREE-CAB-SOI-SAI-1024x292.png 1024w, https:\/\/bienfaitsdesoi-sophro-canivet.fr\/wp-content\/uploads\/2021\/10\/ENTREE-CAB-SOI-SAI-300x85.png 300w, https:\/\/bienfaitsdesoi-sophro-canivet.fr\/wp-content\/uploads\/2021\/10\/ENTREE-CAB-SOI-SAI-768x219.png 768w, https:\/\/bienfaitsdesoi-sophro-canivet.fr\/wp-content\/uploads\/2021\/10\/ENTREE-CAB-SOI-SAI-586x167.png 586w, https:\/\/bienfaitsdesoi-sophro-canivet.fr\/wp-content\/uploads\/2021\/10\/ENTREE-CAB-SOI-SAI.png 1292w\" sizes=\"(max-width: 1024px) 100vw, 1024px\" \/><\/figure>\n\n\n\n<p>Toutes les conditions requises pour trouver du bien-\u00eatre, de la s\u00e9r\u00e9nit\u00e9 et de la confiance sont \u00e0 disposition. &nbsp;<\/p>\n\n\n\n<figure class=\"wp-block-image size-large is-resized\"><img loading=\"lazy\" src=\"https:\/\/bienfaitsdesoi-sophro-canivet.fr\/wp-content\/uploads\/2022\/02\/INTERIEUR-CABINET-SOI-SAI-HERVE-032022-1-1024x405.png\" alt=\"\" class=\"wp-image-398\" width=\"1279\" height=\"506\" srcset=\"https:\/\/bienfaitsdesoi-sophro-canivet.fr\/wp-content\/uploads\/2022\/02\/INTERIEUR-CABINET-SOI-SAI-HERVE-032022-1-1024x405.png 1024w, https:\/\/bienfaitsdesoi-sophro-canivet.fr\/wp-content\/uploads\/2022\/02\/INTERIEUR-CABINET-SOI-SAI-HERVE-032022-1-300x119.png 300w, https:\/\/bienfaitsdesoi-sophro-canivet.fr\/wp-content\/uploads\/2022\/02\/INTERIEUR-CABINET-SOI-SAI-HERVE-032022-1-768x304.png 768w, https:\/\/bienfaitsdesoi-sophro-canivet.fr\/wp-content\/uploads\/2022\/02\/INTERIEUR-CABINET-SOI-SAI-HERVE-032022-1-1536x607.png 1536w, https:\/\/bienfaitsdesoi-sophro-canivet.fr\/wp-content\/uploads\/2022\/02\/INTERIEUR-CABINET-SOI-SAI-HERVE-032022-1-2048x810.png 2048w, https:\/\/bienfaitsdesoi-sophro-canivet.fr\/wp-content\/uploads\/2022\/02\/INTERIEUR-CABINET-SOI-SAI-HERVE-032022-1-586x232.png 586w\" sizes=\"(max-width: 1279px) 100vw, 1279px\" \/><figcaption><font _mstmutation=\"1\" _msthash=\"321191\"><\/figcaption><\/figure>\n\n\n\n<p><font _mstmutation=\"1\" _msthash=\"1045681\"><\/p>\n\n\n\n<p>Le cabinet est ouvert de 11.00 \u00e0 20.00 du mardi au samedi inclus<em>.<\/em><\/p>\n\n\n\n<p><\/p>\n\n\n\n<p><\/p>\n\n\n\n<p><strong><u>Mesures Pr\u00e9ventives \u2013 COVID 19<\/u>&nbsp;:<\/strong><\/p>\n\n\n\n<p><strong>&nbsp;&nbsp;&nbsp;&nbsp;&nbsp;&nbsp;&nbsp;&nbsp;&nbsp;&nbsp;&nbsp;&nbsp;&nbsp; <\/strong>1\/Le cabinet, accessible directement par l\u2019ext\u00e9rieur, est a\u00e9r\u00e9 pendant au moins 10 minutes avant et apr\u00e8s chaque s\u00e9ance.<\/p>\n\n\n\n<p>&nbsp;&nbsp;&nbsp;&nbsp;&nbsp;&nbsp;&nbsp;&nbsp;&nbsp;&nbsp;&nbsp;&nbsp;&nbsp; 2\/ Une seule personne est re\u00e7ue par s\u00e9ance.<\/p>\n\n\n\n<p>&nbsp;&nbsp;&nbsp;&nbsp;&nbsp;&nbsp;&nbsp;&nbsp;&nbsp;&nbsp;&nbsp;&nbsp;&nbsp; 3\/ Le port du masque est obligatoire au cours des s\u00e9ances &#8211; sauf cas particulier \u00e0 justifier <\/p>\n\n\n\n<p>              4\/ L\u2019apposition de gel hydroalcoolique sur les mains est obligatoire pour tous et possible \u00e0 tout moment.<\/p>\n\n\n\n<p>              5\/ Des mouchoirs \u00e0 usage unique et une poubelle ferm\u00e9e sont mis \u00e0 disposition.<\/p>\n\n\n\n<p><\/p>\n\n\n\n<p><\/p>\n\n\n\n<p><strong><u>Principes de la relation&nbsp;th\u00e9rapeutique<\/u><em> :<\/em><\/strong><\/p>\n\n\n\n<p>A partir de la communication du consultant des sympt\u00f4mes qu\u2019il subit, des questions qu\u2019il se pose sur sa vie ou sur certaines de ses pens\u00e9es, de ses \u00e9motions voire sur certains de ses sentiments ou comportements, des besoins qu\u2019il a envie de mieux combler dans sa vie personnelle, professionnelle ou sociale,<\/p>\n\n\n\n<p>le th\u00e9rapeute proposera de mettre \u00e0 disposition des techniques de sophrologie (visualisation, ancrage, respiration, introspection corporelle) et, en cas de recours \u00e0 la sophro-analyse, divers questionnements (tir\u00e9s de l\u2019analyse transactionnelle ou de la psychanalyse). L\u2019objectif recherch\u00e9 dans ce cas sera de faire \u00e9merger au travers d\u2019un dialogue ouvert, authentique et sinc\u00e8re des prises de conscience dans l\u2019esprit du consultant quant aux croyances, aux sentiments ou aux comportements qui seraient contraires \u00e0 ses besoins ou \u00e0 ses objectifs, voire n\u00e9fastes \u00e0 sa sant\u00e9 ou \u00e0 son \u00e9quilibre,<\/p>\n\n\n\n<p>Sur ces bases, le th\u00e9rapeute fournira l\u2019aide n\u00e9cessaire au consultant pour qu\u2019il trouve les ressources et les moyens de changer ce qui semblerait utile de modifier,<\/p>\n\n\n\n<p>Pour optimiser les r\u00e9sultats du travail, il convient &nbsp;que le consultant se sente, dans cette relation, libre, responsable et confiant. Ce sont le degr\u00e9 et la qualit\u00e9 de l\u2019investissement des deux parties qui seront d\u00e9terminantes.<\/p>\n\n\n\n<p><\/p>\n\n\n\n<p><\/p>\n\n\n\n<p><strong><u>R\u00e8gles de la relation et cadre d\u00e9ontologique<\/u><\/strong>&nbsp;:<\/p>\n\n\n\n<p>Pour b\u00e9n\u00e9ficier des meilleures conditions de travail , chacun des protagonistes s\u2019engage \u00e0 respecter les r\u00e8gles suivantes&nbsp;:<\/p>\n\n\n\n<ul><li>Authenticit\u00e9&nbsp;: Chacun s\u2019engage \u00e0 \u00eatre authentique dans ses engagements, ses apports et ses paroles,<\/li><li>Confidentialit\u00e9&nbsp;: Chacun s\u2019engage \u00e0 garder confidentiel le contenu des \u00e9changes de chacune des s\u00e9ances,<\/li><li>Libert\u00e9&nbsp;: En plus de la libert\u00e9 de parole, chaque partie se donne le droit d\u2019arr\u00eater la th\u00e9rapie \u00e0 tout moment, sous la condition d\u2019assurer, apr\u00e8s communication de cette d\u00e9cision, une derni\u00e8re s\u00e9ance (de fin de la relation),<\/li><li>Non-jugement&nbsp;: Un des gages de r\u00e9ussite de la th\u00e9rapie \u00e9tant li\u00e9 au regard port\u00e9 par chacune des parties sur l\u2019autre, aucun jugement n\u2019aura \u00e0 \u00eatre port\u00e9 sur les faits et \u00e9v\u00e9nements communiqu\u00e9s,<\/li><li>Distance respectueuse&nbsp;: Parce que la vie personnelle du consultant sera l\u2019objet central des investigations men\u00e9es, seuls l\u2019accueil, l\u2019\u00e9coute et le questionnement bienveillants seront activ\u00e9s dans le cours des s\u00e9ances,<\/li><li>Non-violence&nbsp;: Seule, la violence verbale sera tol\u00e9r\u00e9e dans le d\u00e9roulement des s\u00e9ances, sous r\u00e9serve qu\u2019elle soit aff\u00e9rente \u00e0 des \u00e9v\u00e9nements de la vie personnelle du consultant (en dehors du cabinet) et qu\u2019elle soit jug\u00e9e b\u00e9n\u00e9fique pour la r\u00e9ussite de l\u2019accompagnement.<\/li><\/ul>\n\n\n\n<p><\/p>\n\n\n\n<p><strong><u>Dur\u00e9e et prix des s\u00e9ances<\/u><\/strong>&nbsp;:<\/p>\n\n\n\n<ul><li>En sophrologie, chaque s\u00e9ance dure 1 heure et son prix est de : 50 euros \/ l\u2019unit\u00e9,<\/li><\/ul>\n\n\n\n<ul><li>En sophro-analyse, chaque s\u00e9ance dure entre 1 heure et 1,5 heure et son prix est de : 60 euros \/ l\u2019unit\u00e9 sauf les deux premi\u00e8res s\u00e9ances qui seront pay\u00e9es 40 euros et celles au-del\u00e0 de la 15\u00e8me s\u00e9ance qui seront pay\u00e9es 70 euros, ceci afin d\u2019\u00eatre en parfaite concordance avec le niveau de confiance install\u00e9 (qui devra s\u2019installer progressivement), de permettre au consultant de tester progressivement les techniques mises en \u0153uvre avant de s\u2019engager plus en avant et enfin, de motiver le consultant vis-\u00e0-vis de son investissement personnel et d\u2019arriver au terme de l\u2019accompagnement assez rapidement &#8211; La Sophro-analyse \u00e9tant une th\u00e9rapie sens\u00e9e \u00eatre \u00ab&nbsp;br\u00e8ve&nbsp;\u00bb. <\/li><\/ul>\n\n\n\n<p><\/p>\n\n\n\n<p><strong>PRISE DE CONTACT<\/strong> :<\/p>\n\n\n\n<p>Vous pouvez me joindre en m&#8217;\u00e9crivant \u00e0 l&#8217;adresse suivante : <strong><a href=\"mailto:hc@bienfaitsdesoi-sophro-canivet.fr\">hc@bienfaitsdesoi-sophro-canivet.fr<\/a><\/strong> ou en m&#8217;appelant au : 06.09.11.89.05<\/p>\n","protected":false},"excerpt":{"rendered":"<p>Le cabinet&nbsp;et ses horaires d\u2019ouverture : A Cuincy, c\u2019est dans un espace d\u00e9di\u00e9, calme, discret et confortable qu\u2019est install\u00e9 mon cabinet. Toutes les conditions requises &hellip;<\/p>\n","protected":false},"author":1,"featured_media":0,"parent":0,"menu_order":0,"comment_status":"closed","ping_status":"closed","template":"","meta":[],"_links":{"self":[{"href":"https:\/\/bienfaitsdesoi-sophro-canivet.fr\/index.php?rest_route=\/wp\/v2\/pages\/14"}],"collection":[{"href":"https:\/\/bienfaitsdesoi-sophro-canivet.fr\/index.php?rest_route=\/wp\/v2\/pages"}],"about":[{"href":"https:\/\/bienfaitsdesoi-sophro-canivet.fr\/index.php?rest_route=\/wp\/v2\/types\/page"}],"author":[{"embeddable":true,"href":"https:\/\/bienfaitsdesoi-sophro-canivet.fr\/index.php?rest_route=\/wp\/v2\/users\/1"}],"replies":[{"embeddable":true,"href":"https:\/\/bienfaitsdesoi-sophro-canivet.fr\/index.php?rest_route=%2Fwp%2Fv2%2Fcomments&post=14"}],"version-history":[{"count":10,"href":"https:\/\/bienfaitsdesoi-sophro-canivet.fr\/index.php?rest_route=\/wp\/v2\/pages\/14\/revisions"}],"predecessor-version":[{"id":400,"href":"https:\/\/bienfaitsdesoi-sophro-canivet.fr\/index.php?rest_route=\/wp\/v2\/pages\/14\/revisions\/400"}],"wp:attachment":[{"href":"https:\/\/bienfaitsdesoi-sophro-canivet.fr\/index.php?rest_route=%2Fwp%2Fv2%2Fmedia&parent=14"}],"curies":[{"name":"wp","href":"https:\/\/api.w.org\/{rel}","templated":true}]}}