{"id":2,"date":"2021-10-15T13:37:35","date_gmt":"2021-10-15T11:37:35","guid":{"rendered":"http:\/\/bienfaitsdesoi-sophro-canivet.fr\/?page_id=2"},"modified":"2022-02-02T11:47:15","modified_gmt":"2022-02-02T10:47:15","slug":"page-d-exemple","status":"publish","type":"page","link":"https:\/\/bienfaitsdesoi-sophro-canivet.fr\/?page_id=2","title":{"rendered":"EVOCATIONS QUI NOUS PARLENT :"},"content":{"rendered":"\n<p><strong>\u00ab&nbsp;Connais-toi, toi-m\u00eame et tu connaitras le secret des Dieux&nbsp;\u00bb \/ Socrate&nbsp;;<\/strong><\/p>\n\n\n\n<div class=\"wp-block-image\"><figure class=\"aligncenter size-large is-resized\"><img loading=\"lazy\" src=\"https:\/\/bienfaitsdesoi-sophro-canivet.fr\/wp-content\/uploads\/2021\/10\/PROVERB-1.png\" alt=\"\" class=\"wp-image-220\" width=\"440\" height=\"294\" srcset=\"https:\/\/bienfaitsdesoi-sophro-canivet.fr\/wp-content\/uploads\/2021\/10\/PROVERB-1.png 681w, https:\/\/bienfaitsdesoi-sophro-canivet.fr\/wp-content\/uploads\/2021\/10\/PROVERB-1-300x200.png 300w, https:\/\/bienfaitsdesoi-sophro-canivet.fr\/wp-content\/uploads\/2021\/10\/PROVERB-1-449x300.png 449w\" sizes=\"(max-width: 440px) 100vw, 440px\" \/><\/figure><\/div>\n\n\n\n<p><strong>\u00ab&nbsp;Prends soin de ton corps pour que ton \u00e2me ait envie de l\u2019habiter&nbsp;\u00bb, Proverbe chinois&nbsp;;<\/strong><\/p>\n\n\n\n<div class=\"wp-block-image\"><figure class=\"aligncenter size-large is-resized\"><img loading=\"lazy\" src=\"https:\/\/bienfaitsdesoi-sophro-canivet.fr\/wp-content\/uploads\/2021\/10\/PROVERB-2.png\" alt=\"\" class=\"wp-image-221\" width=\"414\" height=\"332\" srcset=\"https:\/\/bienfaitsdesoi-sophro-canivet.fr\/wp-content\/uploads\/2021\/10\/PROVERB-2.png 575w, https:\/\/bienfaitsdesoi-sophro-canivet.fr\/wp-content\/uploads\/2021\/10\/PROVERB-2-300x241.png 300w, https:\/\/bienfaitsdesoi-sophro-canivet.fr\/wp-content\/uploads\/2021\/10\/PROVERB-2-374x300.png 374w\" sizes=\"(max-width: 414px) 100vw, 414px\" \/><\/figure><\/div>\n\n\n\n<p><strong>\u00ab&nbsp;Le silence permet de trouver son destin&nbsp;\u00bb \/ Lao Tseu&nbsp;;<\/strong><\/p>\n\n\n\n<div class=\"wp-block-image\"><figure class=\"aligncenter size-large is-resized\"><img loading=\"lazy\" src=\"https:\/\/bienfaitsdesoi-sophro-canivet.fr\/wp-content\/uploads\/2021\/10\/PROVERB-3-1024x571.png\" alt=\"\" class=\"wp-image-222\" width=\"425\" height=\"237\" srcset=\"https:\/\/bienfaitsdesoi-sophro-canivet.fr\/wp-content\/uploads\/2021\/10\/PROVERB-3-1024x571.png 1024w, https:\/\/bienfaitsdesoi-sophro-canivet.fr\/wp-content\/uploads\/2021\/10\/PROVERB-3-300x167.png 300w, https:\/\/bienfaitsdesoi-sophro-canivet.fr\/wp-content\/uploads\/2021\/10\/PROVERB-3-768x428.png 768w, https:\/\/bienfaitsdesoi-sophro-canivet.fr\/wp-content\/uploads\/2021\/10\/PROVERB-3-1536x857.png 1536w, https:\/\/bienfaitsdesoi-sophro-canivet.fr\/wp-content\/uploads\/2021\/10\/PROVERB-3-2048x1142.png 2048w, https:\/\/bienfaitsdesoi-sophro-canivet.fr\/wp-content\/uploads\/2021\/10\/PROVERB-3-538x300.png 538w\" sizes=\"(max-width: 425px) 100vw, 425px\" \/><\/figure><\/div>\n\n\n\n<p><strong>\u00ab&nbsp;Si vous \u00eates d\u00e9pressif, vous vivez dans le pass\u00e9&nbsp;; Si vous \u00eates anxieux, vous vivez dans le futur&nbsp;; Si vous \u00eates en paix, vous vivez dans le pr\u00e9sent&nbsp;\u00bb \/ Lao Tseu&nbsp;;<\/strong><\/p>\n\n\n\n<div class=\"wp-block-image\"><figure class=\"aligncenter size-large is-resized\"><img loading=\"lazy\" src=\"https:\/\/bienfaitsdesoi-sophro-canivet.fr\/wp-content\/uploads\/2021\/10\/PROVERB-4-1024x629.png\" alt=\"\" class=\"wp-image-223\" width=\"424\" height=\"260\" srcset=\"https:\/\/bienfaitsdesoi-sophro-canivet.fr\/wp-content\/uploads\/2021\/10\/PROVERB-4-1024x629.png 1024w, https:\/\/bienfaitsdesoi-sophro-canivet.fr\/wp-content\/uploads\/2021\/10\/PROVERB-4-300x184.png 300w, https:\/\/bienfaitsdesoi-sophro-canivet.fr\/wp-content\/uploads\/2021\/10\/PROVERB-4-768x471.png 768w, https:\/\/bienfaitsdesoi-sophro-canivet.fr\/wp-content\/uploads\/2021\/10\/PROVERB-4-489x300.png 489w, https:\/\/bienfaitsdesoi-sophro-canivet.fr\/wp-content\/uploads\/2021\/10\/PROVERB-4.png 1049w\" sizes=\"(max-width: 424px) 100vw, 424px\" \/><\/figure><\/div>\n\n\n\n<p><font _mstmutation=\"1\" _msthash=\"1020877\"><\/p>\n\n\n\n<p>QUELQUES NOTIONS A MEDITER\u00a0:<font _mstmutation=\"1\" _msthash=\"970515\"><\/p>\n\n\n\n<figure class=\"wp-block-image size-large\"><img loading=\"lazy\" width=\"1024\" height=\"585\" src=\"https:\/\/bienfaitsdesoi-sophro-canivet.fr\/wp-content\/uploads\/2022\/02\/NOTIONS-A-MEDITER-1024x585.png\" alt=\"\" class=\"wp-image-382\" srcset=\"https:\/\/bienfaitsdesoi-sophro-canivet.fr\/wp-content\/uploads\/2022\/02\/NOTIONS-A-MEDITER-1024x585.png 1024w, https:\/\/bienfaitsdesoi-sophro-canivet.fr\/wp-content\/uploads\/2022\/02\/NOTIONS-A-MEDITER-300x171.png 300w, https:\/\/bienfaitsdesoi-sophro-canivet.fr\/wp-content\/uploads\/2022\/02\/NOTIONS-A-MEDITER-768x439.png 768w, https:\/\/bienfaitsdesoi-sophro-canivet.fr\/wp-content\/uploads\/2022\/02\/NOTIONS-A-MEDITER-1536x877.png 1536w, https:\/\/bienfaitsdesoi-sophro-canivet.fr\/wp-content\/uploads\/2022\/02\/NOTIONS-A-MEDITER-2048x1170.png 2048w, https:\/\/bienfaitsdesoi-sophro-canivet.fr\/wp-content\/uploads\/2022\/02\/NOTIONS-A-MEDITER-525x300.png 525w\" sizes=\"(max-width: 1024px) 100vw, 1024px\" \/><figcaption><font _mstmutation=\"1\" _msthash=\"702390\"><\/figcaption><\/figure>\n\n\n\n<p>UNE VIDEO EVOCATRICE DES BENEFICES DE LA SOPHROLOGIE<\/p>\n\n\n\n<figure class=\"wp-block-video aligncenter\"><video controls src=\"https:\/\/bienfaitsdesoi-sophro-canivet.fr\/wp-content\/uploads\/2021\/10\/JE-SUIS-TOUT-SIMPLEMENT-1.mov\"><\/video><\/figure>\n","protected":false},"excerpt":{"rendered":"<p>\u00ab&nbsp;Connais-toi, toi-m\u00eame et tu connaitras le secret des Dieux&nbsp;\u00bb \/ Socrate&nbsp;; \u00ab&nbsp;Prends soin de ton corps pour que ton \u00e2me ait envie de l\u2019habiter&nbsp;\u00bb, Proverbe &hellip;<\/p>\n","protected":false},"author":1,"featured_media":0,"parent":0,"menu_order":0,"comment_status":"closed","ping_status":"open","template":"","meta":[],"_links":{"self":[{"href":"https:\/\/bienfaitsdesoi-sophro-canivet.fr\/index.php?rest_route=\/wp\/v2\/pages\/2"}],"collection":[{"href":"https:\/\/bienfaitsdesoi-sophro-canivet.fr\/index.php?rest_route=\/wp\/v2\/pages"}],"about":[{"href":"https:\/\/bienfaitsdesoi-sophro-canivet.fr\/index.php?rest_route=\/wp\/v2\/types\/page"}],"author":[{"embeddable":true,"href":"https:\/\/bienfaitsdesoi-sophro-canivet.fr\/index.php?rest_route=\/wp\/v2\/users\/1"}],"replies":[{"embeddable":true,"href":"https:\/\/bienfaitsdesoi-sophro-canivet.fr\/index.php?rest_route=%2Fwp%2Fv2%2Fcomments&post=2"}],"version-history":[{"count":4,"href":"https:\/\/bienfaitsdesoi-sophro-canivet.fr\/index.php?rest_route=\/wp\/v2\/pages\/2\/revisions"}],"predecessor-version":[{"id":384,"href":"https:\/\/bienfaitsdesoi-sophro-canivet.fr\/index.php?rest_route=\/wp\/v2\/pages\/2\/revisions\/384"}],"wp:attachment":[{"href":"https:\/\/bienfaitsdesoi-sophro-canivet.fr\/index.php?rest_route=%2Fwp%2Fv2%2Fmedia&parent=2"}],"curies":[{"name":"wp","href":"https:\/\/api.w.org\/{rel}","templated":true}]}}